{"id":110,"date":"2025-05-26T07:30:35","date_gmt":"2025-05-26T07:30:35","guid":{"rendered":"https:\/\/beautybywilleke.es\/?page_id=110"},"modified":"2025-09-12T11:10:29","modified_gmt":"2025-09-12T11:10:29","slug":"contactar","status":"publish","type":"page","link":"https:\/\/beautybywilleke.es\/en\/contactar\/","title":{"rendered":"Contact"},"content":{"rendered":"<div data-elementor-type=\"wp-page\" data-elementor-id=\"110\" class=\"elementor elementor-110\" data-elementor-post-type=\"page\">\n\t\t\t\t<div class=\"elementor-element elementor-element-6d8f0a8b e-con-full animated-fast e-flex elementor-invisible e-con e-parent\" data-id=\"6d8f0a8b\" data-element_type=\"container\" data-settings=\"{&quot;background_background&quot;:&quot;gradient&quot;,&quot;animation&quot;:&quot;fadeInUp&quot;}\">\n\t\t<div class=\"elementor-element elementor-element-e19e804 animated-fast e-flex e-con-boxed elementor-invisible e-con e-child\" data-id=\"e19e804\" data-element_type=\"container\" data-settings=\"{&quot;background_background&quot;:&quot;classic&quot;,&quot;animation&quot;:&quot;fadeInUp&quot;,&quot;animation_delay&quot;:&quot;200&quot;}\">\n\t\t\t\t\t<div class=\"e-con-inner\">\n\t\t<div class=\"elementor-element elementor-element-5d8bad0f e-con-full animated-fast e-flex elementor-invisible e-con e-child\" data-id=\"5d8bad0f\" data-element_type=\"container\" data-settings=\"{&quot;animation&quot;:&quot;fadeInUp&quot;,&quot;animation_delay&quot;:&quot;400&quot;}\">\n\t\t\t\t<div class=\"elementor-element elementor-element-587ce442 elementor-widget elementor-widget-heading\" data-id=\"587ce442\" data-element_type=\"widget\" data-widget_type=\"heading.default\">\n\t\t\t\t<div class=\"elementor-widget-container\">\n\t\t\t\t\t<h1 class=\"elementor-heading-title elementor-size-default\">Contact Us<\/h1>\t\t\t\t<\/div>\n\t\t\t\t<\/div>\n\t\t\t\t<div class=\"elementor-element elementor-element-57c08631 elementor-widget__width-initial elementor-widget elementor-widget-text-editor\" data-id=\"57c08631\" data-element_type=\"widget\" data-widget_type=\"text-editor.default\">\n\t\t\t\t<div class=\"elementor-widget-container\">\n\t\t\t\t\t\t\t\t\t<p>Do you have questions about our services or want to book an appointment? We are here for you!<\/p>\t\t\t\t\t\t\t\t<\/div>\n\t\t\t\t<\/div>\n\t\t\t\t<\/div>\n\t\t\t\t\t<\/div>\n\t\t\t\t<\/div>\n\t\t\t\t<\/div>\n\t\t<div class=\"elementor-element elementor-element-230aa9db e-flex e-con-boxed e-con e-parent\" data-id=\"230aa9db\" data-element_type=\"container\" data-settings=\"{&quot;background_background&quot;:&quot;classic&quot;}\">\n\t\t\t\t\t<div class=\"e-con-inner\">\n\t\t<div class=\"elementor-element elementor-element-92fb032 e-con-full animated-fast e-flex elementor-invisible e-con e-child\" data-id=\"92fb032\" data-element_type=\"container\" data-settings=\"{&quot;animation&quot;:&quot;fadeInUp&quot;,&quot;animation_delay&quot;:&quot;600&quot;}\">\n\t\t<div class=\"elementor-element elementor-element-4b05289b e-con-full e-flex e-con e-child\" data-id=\"4b05289b\" data-element_type=\"container\" data-settings=\"{&quot;background_background&quot;:&quot;classic&quot;}\">\n\t\t\t\t<div class=\"elementor-element elementor-element-2cee9c98 elementor-widget elementor-widget-heading\" data-id=\"2cee9c98\" data-element_type=\"widget\" data-widget_type=\"heading.default\">\n\t\t\t\t<div class=\"elementor-widget-container\">\n\t\t\t\t\t<h4 class=\"elementor-heading-title elementor-size-default\">\ud83d\udcec \n<\/h4>\t\t\t\t<\/div>\n\t\t\t\t<\/div>\n\t\t\t\t<div class=\"elementor-element elementor-element-5c9bfda5 elementor-widget elementor-widget-text-editor\" data-id=\"5c9bfda5\" data-element_type=\"widget\" data-widget_type=\"text-editor.default\">\n\t\t\t\t<div class=\"elementor-widget-container\">\n\t\t\t\t\t\t\t\t\t<p><strong>Phone (Netherlands):<\/strong> <a href=\"tel: 31646266977\">+31 646 266 977<\/a><\/p><p><strong>Phone (Spain):<\/strong> <a href=\"tel: 34613539356\">+34 613 539 356<\/a> &#8211;<br \/><a href=\"tel: 34676870625\">+34 676 870 625<\/a><\/p><p><strong>Email:<\/strong> <a href=\"mailto:info@salonwilleke.nl\">info@salonwilleke.nl<\/a><\/p><p>\u00a0<\/p>\t\t\t\t\t\t\t\t<\/div>\n\t\t\t\t<\/div>\n\t\t\t\t<\/div>\n\t\t<div class=\"elementor-element elementor-element-3ce4f33a e-con-full e-flex e-con e-child\" data-id=\"3ce4f33a\" data-element_type=\"container\" data-settings=\"{&quot;background_background&quot;:&quot;classic&quot;}\">\n\t\t\t\t<div class=\"elementor-element elementor-element-2d87f8bf elementor-widget elementor-widget-heading\" data-id=\"2d87f8bf\" data-element_type=\"widget\" data-widget_type=\"heading.default\">\n\t\t\t\t<div class=\"elementor-widget-container\">\n\t\t\t\t\t<h4 class=\"elementor-heading-title elementor-size-default\">\ud83d\udd52 \n<\/h4>\t\t\t\t<\/div>\n\t\t\t\t<\/div>\n\t\t\t\t<div class=\"elementor-element elementor-element-362127b3 elementor-widget elementor-widget-text-editor\" data-id=\"362127b3\" data-element_type=\"widget\" data-widget_type=\"text-editor.default\">\n\t\t\t\t<div class=\"elementor-widget-container\">\n\t\t\t\t\t\t\t\t\t<strong> Address:<\/strong>\n\nC\/ Mar Rabiosa n\u00ba21 A, San Juan de los Terreros, Pulp\u00ed (Almer\u00eda) <br><br>\n<ul>\n \t<li data-start=\"914\" data-end=\"957\">\n<p data-start=\"916\" data-end=\"957\"><strong data-start=\"916\" data-end=\"939\">Monday to Friday:<\/strong> 9:30 a 16:30<\/p>\n<\/li>\n \t<li data-start=\"958\" data-end=\"989\">\n<p data-start=\"960\" data-end=\"989\"><strong data-start=\"960\" data-end=\"981\">Saturday:<\/strong> Con cita previa<\/p>\n<\/li>\n<\/ul>\t\t\t\t\t\t\t\t<\/div>\n\t\t\t\t<\/div>\n\t\t\t\t<\/div>\n\t\t\t\t<\/div>\n\t\t<div class=\"elementor-element elementor-element-10346ba9 e-con-full e-flex e-con e-child\" data-id=\"10346ba9\" data-element_type=\"container\">\n\t\t<div class=\"elementor-element elementor-element-569d2c45 e-con-full animated-fast e-flex elementor-invisible e-con e-child\" data-id=\"569d2c45\" data-element_type=\"container\" data-settings=\"{&quot;animation&quot;:&quot;fadeInUp&quot;,&quot;animation_delay&quot;:&quot;600&quot;}\">\n\t\t\t\t<div class=\"elementor-element elementor-element-47483ba elementor-widget elementor-widget-image\" data-id=\"47483ba\" data-element_type=\"widget\" data-widget_type=\"image.default\">\n\t\t\t\t<div class=\"elementor-widget-container\">\n\t\t\t\t\t\t\t\t\t\t\t\t\t\t\t<img fetchpriority=\"high\" decoding=\"async\" width=\"800\" height=\"642\" src=\"https:\/\/beautybywilleke.es\/wp-content\/uploads\/2025\/05\/contact-image-compressed.jpg\" class=\"attachment-large size-large wp-image-181\" alt=\"\" srcset=\"https:\/\/beautybywilleke.es\/wp-content\/uploads\/2025\/05\/contact-image-compressed.jpg 1000w, https:\/\/beautybywilleke.es\/wp-content\/uploads\/2025\/05\/contact-image-compressed-300x241.jpg 300w, https:\/\/beautybywilleke.es\/wp-content\/uploads\/2025\/05\/contact-image-compressed-768x617.jpg 768w\" sizes=\"(max-width: 800px) 100vw, 800px\" \/>\t\t\t\t\t\t\t\t\t\t\t\t\t\t\t<\/div>\n\t\t\t\t<\/div>\n\t\t\t\t<\/div>\n\t\t<div class=\"elementor-element elementor-element-bb3557a e-con-full animated-fast e-flex elementor-invisible e-con e-child\" data-id=\"bb3557a\" data-element_type=\"container\" data-settings=\"{&quot;animation&quot;:&quot;fadeInUp&quot;,&quot;animation_delay&quot;:&quot;600&quot;}\">\n\t\t\t\t<div class=\"elementor-element elementor-element-86a68b7 elementor-button-align-stretch elementor-widget elementor-widget-form\" data-id=\"86a68b7\" data-element_type=\"widget\" data-settings=\"{&quot;step_next_label&quot;:&quot;Next&quot;,&quot;step_previous_label&quot;:&quot;Previous&quot;,&quot;button_width&quot;:&quot;100&quot;,&quot;step_type&quot;:&quot;number_text&quot;,&quot;step_icon_shape&quot;:&quot;circle&quot;}\" data-widget_type=\"form.default\">\n\t\t\t\t<div class=\"elementor-widget-container\">\n\t\t\t\t\t\t\t<form class=\"elementor-form\" method=\"post\" name=\"New Form\" action=\"\">\n\t\t\t<input type=\"hidden\" name=\"post_id\" value=\"110\"\/>\n\t\t\t<input type=\"hidden\" name=\"form_id\" value=\"86a68b7\"\/>\n\t\t\t<input type=\"hidden\" name=\"referer_title\" value=\"Beauty by Willeke\" \/>\n\n\t\t\t\n\t\t\t<div class=\"elementor-form-fields-wrapper elementor-labels-\">\n\t\t\t\t\t\t\t\t<div class=\"elementor-field-type-email elementor-field-group elementor-column elementor-field-group-name elementor-col-100 elementor-field-required\">\n\t\t\t\t\t\t\t\t\t\t\t\t<label for=\"form-field-name\" class=\"elementor-field-label elementor-screen-only\">\n\t\t\t\t\t\t\t\tCorreo electr\u00f3nico\t\t\t\t\t\t\t<\/label>\n\t\t\t\t\t\t\t\t\t\t\t\t\t\t<input size=\"1\" type=\"email\" name=\"form_fields[name]\" id=\"form-field-name\" class=\"elementor-field elementor-size-sm  elementor-field-textual\" placeholder=\"Correo electr\u00f3nico\" required=\"required\">\n\t\t\t\t\t\t\t\t\t\t\t<\/div>\n\t\t\t\t\t\t\t\t<div class=\"elementor-field-type-tel elementor-field-group elementor-column elementor-field-group-field_b75b1a7 elementor-col-100 elementor-field-required\">\n\t\t\t\t\t\t\t\t\t\t\t\t<label for=\"form-field-field_b75b1a7\" class=\"elementor-field-label elementor-screen-only\">\n\t\t\t\t\t\t\t\tPhone\t\t\t\t\t\t\t<\/label>\n\t\t\t\t\t\t\t\t<input size=\"1\" type=\"tel\" name=\"form_fields[field_b75b1a7]\" id=\"form-field-field_b75b1a7\" class=\"elementor-field elementor-size-sm  elementor-field-textual\" placeholder=\"Phone\" required=\"required\" pattern=\"[0-9()#&amp;+*-=.]+\" title=\"Alleen nummers en telefoontekens (#, -, *, enz.) worden geaccepteerd.\">\n\n\t\t\t\t\t\t<\/div>\n\t\t\t\t\t\t\t\t<div class=\"elementor-field-type-textarea elementor-field-group elementor-column elementor-field-group-message elementor-col-100\">\n\t\t\t\t\t\t\t\t\t\t\t\t<label for=\"form-field-message\" class=\"elementor-field-label elementor-screen-only\">\n\t\t\t\t\t\t\t\tMessage\t\t\t\t\t\t\t<\/label>\n\t\t\t\t\t\t<textarea class=\"elementor-field-textual elementor-field  elementor-size-sm\" name=\"form_fields[message]\" id=\"form-field-message\" rows=\"4\" placeholder=\"Message\"><\/textarea>\t\t\t\t<\/div>\n\t\t\t\t\t\t\t\t<div class=\"elementor-field-type-html elementor-field-group elementor-column elementor-field-group-field_80b44bc elementor-col-100\">\n\t\t\t\t\t<style>\n  .legal-text {\n    font-size: 14px;\n    color: #555;\n    line-height: 1.4;\n    margin-top: 20px;\n  }\n\n  .legal-text a {\n    color: #555;\n    text-decoration: underline;\n  }\n<\/style>\n\n<div class=\"legal-text\">\n  <p><strong>Responsable:<\/strong> Beauty by Willeke \u2013 Sal\u00f3n de Belleza<\/p>\n  <p><strong>Finalidad:<\/strong> Atender consultas, solicitudes de informaci\u00f3n o reservas realizadas a trav\u00e9s del formulario.<\/p>\n  <p><strong>Legitimaci\u00f3n:<\/strong> Consentimiento del interesado al marcar la casilla correspondiente.<\/p>\n  <p><strong>Destinatarios:<\/strong> No se ceder\u00e1n datos a terceros, salvo obligaci\u00f3n legal.<\/p>\n  <p><strong>Derechos:<\/strong> Puedes ejercer tus derechos de acceso, rectificaci\u00f3n, supresi\u00f3n, limitaci\u00f3n, oposici\u00f3n y portabilidad de tus datos.<\/p>\n  <p><strong>Informaci\u00f3n adicional:<\/strong> Puedes consultar la informaci\u00f3n detallada sobre nuestra pol\u00edtica de privacidad en el siguiente  \n  <a href=\"https:\/\/beautybywilleke.es\/en\/politica-de-privacidad\/\" target=\"_blank\" rel=\"noopener noreferrer\">enlace<\/a>.<\/p>\n<\/div>\n\t\t\t\t<\/div>\n\t\t\t\t\t\t\t\t<div class=\"elementor-field-type-recaptcha_v3 elementor-field-group elementor-column elementor-field-group-field_cff4ad9 elementor-col-100 recaptcha_v3-bottomright\">\n\t\t\t\t\t<div class=\"elementor-field\" id=\"form-field-field_cff4ad9\"><div class=\"elementor-g-recaptcha\" data-sitekey=\"6LdlZFUrAAAAAAfqKPv_YQGbxSO5-c4qjmt2x5G6\" data-type=\"v3\" data-action=\"Form\" data-badge=\"bottomright\" data-size=\"invisible\"><\/div><\/div>\t\t\t\t<\/div>\n\t\t\t\t\t\t\t\t<div class=\"elementor-field-group elementor-column elementor-field-type-submit elementor-col-100 e-form__buttons\">\n\t\t\t\t\t<button class=\"elementor-button elementor-size-sm\" type=\"submit\">\n\t\t\t\t\t\t<span class=\"elementor-button-content-wrapper\">\n\t\t\t\t\t\t\t\t\t\t\t\t\t\t\t\t\t\t\t\t\t\t<span class=\"elementor-button-text\">SEND MESSAGE<\/span>\n\t\t\t\t\t\t\t\t\t\t\t\t\t<\/span>\n\t\t\t\t\t<\/button>\n\t\t\t\t<\/div>\n\t\t\t<\/div>\n\t\t<input type=\"hidden\" name=\"trp-form-language\" value=\"en\"\/><\/form>\n\t\t\t\t\t\t<\/div>\n\t\t\t\t<\/div>\n\t\t\t\t<\/div>\n\t\t\t\t<\/div>\n\t\t\t\t\t<\/div>\n\t\t\t\t<\/div>\n\t\t<div class=\"elementor-element elementor-element-2d28bc14 e-con-full e-flex e-con e-parent\" data-id=\"2d28bc14\" data-element_type=\"container\">\n\t\t\t\t<div class=\"elementor-element elementor-element-796be2dd animated-fast elementor-invisible elementor-widget elementor-widget-google_maps\" data-id=\"796be2dd\" data-element_type=\"widget\" data-settings=\"{&quot;_animation&quot;:&quot;fadeInUp&quot;,&quot;_animation_delay&quot;:&quot;200&quot;}\" data-widget_type=\"google_maps.default\">\n\t\t\t\t<div class=\"elementor-widget-container\">\n\t\t\t\t\t\t\t<div class=\"elementor-custom-embed\">\n\t\t\t<iframe loading=\"lazy\"\n\t\t\t\t\tsrc=\"https:\/\/maps.google.com\/maps?q=BEAUTY%20BY%20WILLEKE&#038;t=m&#038;z=18&#038;output=embed&#038;iwloc=near\"\n\t\t\t\t\ttitle=\"BEAUTY BY WILLEKE\"\n\t\t\t\t\taria-label=\"BEAUTY BY WILLEKE\"\n\t\t\t><\/iframe>\n\t\t<\/div>\n\t\t\t\t\t\t<\/div>\n\t\t\t\t<\/div>\n\t\t\t\t<div class=\"elementor-element elementor-element-03152c6 elementor-align-center elementor-widget elementor-widget-button\" data-id=\"03152c6\" data-element_type=\"widget\" data-widget_type=\"button.default\">\n\t\t\t\t<div class=\"elementor-widget-container\">\n\t\t\t\t\t\t\t\t\t<div class=\"elementor-button-wrapper\">\n\t\t\t\t\t<a class=\"elementor-button elementor-button-link elementor-size-sm\" href=\"https:\/\/www.google.com\/maps?ll=37.359293,-1.665452&#038;z=19&#038;t=m&#038;hl=es-ES&#038;gl=US&#038;mapclient=embed&#038;q=C.+Mar+Rabiosa,+21a+04648+San+Juan+de+los+Terreros+Almer%C3%ADa\">\n\t\t\t\t\t\t<span class=\"elementor-button-content-wrapper\">\n\t\t\t\t\t\t\t\t\t<span class=\"elementor-button-text\">How to get here<\/span>\n\t\t\t\t\t<\/span>\n\t\t\t\t\t<\/a>\n\t\t\t\t<\/div>\n\t\t\t\t\t\t\t\t<\/div>\n\t\t\t\t<\/div>\n\t\t\t\t<\/div>\n\t\t\t\t<\/div>","protected":false},"excerpt":{"rendered":"<p>Cont\u00e1ctanos \u00bfTienes preguntas sobre nuestros servicios o quieres pedir cita? \u00a1Estamos aqu\u00ed para ti! ???? Tel\u00e9fono (Pa\u00edses Bajos): +31 646 266 977 Tel\u00e9fono (Espa\u00f1a): +34 613 539 356 &#8211;+34 676 870 625 Correo electr\u00f3nico: info@salonwilleke.nl \u00a0 ???? Direcci\u00f3n: C\/ Mar Rabiosa n\u00ba21 A, San Juan de los Terreros, Pulp\u00ed (Almer\u00eda) Lunes a Viernes: 9:30 a [&hellip;]<\/p>","protected":false},"author":1,"featured_media":0,"parent":0,"menu_order":0,"comment_status":"closed","ping_status":"closed","template":"elementor_header_footer","meta":{"footnotes":""},"class_list":["post-110","page","type-page","status-publish","hentry"],"yoast_head":"<!-- This site is optimized with the Yoast SEO plugin v25.8 - https:\/\/yoast.com\/wordpress\/plugins\/seo\/ -->\n<title>Contactar - Beauty by Willeke<\/title>\n<meta name=\"robots\" content=\"index, follow, max-snippet:-1, max-image-preview:large, max-video-preview:-1\" \/>\n<link rel=\"canonical\" href=\"https:\/\/beautybywilleke.es\/en\/contactar\/\" \/>\n<meta property=\"og:locale\" content=\"en_GB\" \/>\n<meta property=\"og:type\" content=\"article\" \/>\n<meta property=\"og:title\" content=\"Contactar - Beauty by Willeke\" \/>\n<meta property=\"og:description\" content=\"Cont\u00e1ctanos \u00bfTienes preguntas sobre nuestros servicios o quieres pedir cita? \u00a1Estamos aqu\u00ed para ti! ???? Tel\u00e9fono (Pa\u00edses Bajos): +31 646 266 977 Tel\u00e9fono (Espa\u00f1a): +34 613 539 356 &#8211;+34 676 870 625 Correo electr\u00f3nico: info@salonwilleke.nl \u00a0 ???? Direcci\u00f3n: C\/ Mar Rabiosa n\u00ba21 A, San Juan de los Terreros, Pulp\u00ed (Almer\u00eda) Lunes a Viernes: 9:30 a [&hellip;]\" \/>\n<meta property=\"og:url\" content=\"https:\/\/beautybywilleke.es\/en\/contactar\/\" \/>\n<meta property=\"og:site_name\" content=\"Beauty by Willeke\" \/>\n<meta property=\"article:modified_time\" content=\"2025-09-12T11:10:29+00:00\" \/>\n<meta property=\"og:image\" content=\"https:\/\/beautybywilleke.es\/wp-content\/uploads\/2025\/05\/contact-image-compressed.jpg\" \/>\n<meta name=\"twitter:card\" content=\"summary_large_image\" \/>\n<meta name=\"twitter:label1\" content=\"Estimated reading time\" \/>\n\t<meta name=\"twitter:data1\" content=\"2 minutes\" \/>\n<script type=\"application\/ld+json\" class=\"yoast-schema-graph\">{\"@context\":\"https:\/\/schema.org\",\"@graph\":[{\"@type\":\"WebPage\",\"@id\":\"https:\/\/beautybywilleke.es\/en\/contactar\/\",\"url\":\"https:\/\/beautybywilleke.es\/en\/contactar\/\",\"name\":\"Contactar - Beauty by Willeke\",\"isPartOf\":{\"@id\":\"https:\/\/beautybywilleke.es\/en\/#website\"},\"primaryImageOfPage\":{\"@id\":\"https:\/\/beautybywilleke.es\/en\/contactar\/#primaryimage\"},\"image\":{\"@id\":\"https:\/\/beautybywilleke.es\/en\/contactar\/#primaryimage\"},\"thumbnailUrl\":\"https:\/\/beautybywilleke.es\/wp-content\/uploads\/2025\/05\/contact-image-compressed.jpg\",\"datePublished\":\"2025-05-26T07:30:35+00:00\",\"dateModified\":\"2025-09-12T11:10:29+00:00\",\"breadcrumb\":{\"@id\":\"https:\/\/beautybywilleke.es\/en\/contactar\/#breadcrumb\"},\"inLanguage\":\"en-GB\",\"potentialAction\":[{\"@type\":\"ReadAction\",\"target\":[\"https:\/\/beautybywilleke.es\/en\/contactar\/\"]}]},{\"@type\":\"ImageObject\",\"inLanguage\":\"en-GB\",\"@id\":\"https:\/\/beautybywilleke.es\/en\/contactar\/#primaryimage\",\"url\":\"https:\/\/beautybywilleke.es\/wp-content\/uploads\/2025\/05\/contact-image-compressed.jpg\",\"contentUrl\":\"https:\/\/beautybywilleke.es\/wp-content\/uploads\/2025\/05\/contact-image-compressed.jpg\"},{\"@type\":\"BreadcrumbList\",\"@id\":\"https:\/\/beautybywilleke.es\/en\/contactar\/#breadcrumb\",\"itemListElement\":[{\"@type\":\"ListItem\",\"position\":1,\"name\":\"Portada\",\"item\":\"https:\/\/beautybywilleke.es\/en\/\"},{\"@type\":\"ListItem\",\"position\":2,\"name\":\"Contactar\"}]},{\"@type\":\"WebSite\",\"@id\":\"https:\/\/beautybywilleke.es\/en\/#website\",\"url\":\"https:\/\/beautybywilleke.es\/en\/\",\"name\":\"Beauty by Willeke\",\"description\":\"\",\"publisher\":{\"@id\":\"https:\/\/beautybywilleke.es\/en\/#organization\"},\"potentialAction\":[{\"@type\":\"SearchAction\",\"target\":{\"@type\":\"EntryPoint\",\"urlTemplate\":\"https:\/\/beautybywilleke.es\/en\/?s={search_term_string}\"},\"query-input\":{\"@type\":\"PropertyValueSpecification\",\"valueRequired\":true,\"valueName\":\"search_term_string\"}}],\"inLanguage\":\"en-GB\"},{\"@type\":\"Organization\",\"@id\":\"https:\/\/beautybywilleke.es\/en\/#organization\",\"name\":\"Beauty by Willeke\",\"url\":\"https:\/\/beautybywilleke.es\/en\/\",\"logo\":{\"@type\":\"ImageObject\",\"inLanguage\":\"en-GB\",\"@id\":\"https:\/\/beautybywilleke.es\/en\/#\/schema\/logo\/image\/\",\"url\":\"https:\/\/beautybywilleke.es\/wp-content\/uploads\/2025\/05\/beautybywilleke.png\",\"contentUrl\":\"https:\/\/beautybywilleke.es\/wp-content\/uploads\/2025\/05\/beautybywilleke.png\",\"width\":250,\"height\":250,\"caption\":\"Beauty by Willeke\"},\"image\":{\"@id\":\"https:\/\/beautybywilleke.es\/en\/#\/schema\/logo\/image\/\"}}]}<\/script>\n<!-- \/ Yoast SEO plugin. -->","yoast_head_json":{"title":"Contactar - Beauty by Willeke","robots":{"index":"index","follow":"follow","max-snippet":"max-snippet:-1","max-image-preview":"max-image-preview:large","max-video-preview":"max-video-preview:-1"},"canonical":"https:\/\/beautybywilleke.es\/en\/contactar\/","og_locale":"en_GB","og_type":"article","og_title":"Contactar - Beauty by Willeke","og_description":"Cont\u00e1ctanos \u00bfTienes preguntas sobre nuestros servicios o quieres pedir cita? \u00a1Estamos aqu\u00ed para ti! ???? Tel\u00e9fono (Pa\u00edses Bajos): +31 646 266 977 Tel\u00e9fono (Espa\u00f1a): +34 613 539 356 &#8211;+34 676 870 625 Correo electr\u00f3nico: info@salonwilleke.nl \u00a0 ???? Direcci\u00f3n: C\/ Mar Rabiosa n\u00ba21 A, San Juan de los Terreros, Pulp\u00ed (Almer\u00eda) Lunes a Viernes: 9:30 a [&hellip;]","og_url":"https:\/\/beautybywilleke.es\/en\/contactar\/","og_site_name":"Beauty by Willeke","article_modified_time":"2025-09-12T11:10:29+00:00","og_image":[{"url":"https:\/\/beautybywilleke.es\/wp-content\/uploads\/2025\/05\/contact-image-compressed.jpg","type":"","width":"","height":""}],"twitter_card":"summary_large_image","twitter_misc":{"Estimated reading time":"2 minutes"},"schema":{"@context":"https:\/\/schema.org","@graph":[{"@type":"WebPage","@id":"https:\/\/beautybywilleke.es\/en\/contactar\/","url":"https:\/\/beautybywilleke.es\/en\/contactar\/","name":"Contactar - Beauty by Willeke","isPartOf":{"@id":"https:\/\/beautybywilleke.es\/en\/#website"},"primaryImageOfPage":{"@id":"https:\/\/beautybywilleke.es\/en\/contactar\/#primaryimage"},"image":{"@id":"https:\/\/beautybywilleke.es\/en\/contactar\/#primaryimage"},"thumbnailUrl":"https:\/\/beautybywilleke.es\/wp-content\/uploads\/2025\/05\/contact-image-compressed.jpg","datePublished":"2025-05-26T07:30:35+00:00","dateModified":"2025-09-12T11:10:29+00:00","breadcrumb":{"@id":"https:\/\/beautybywilleke.es\/en\/contactar\/#breadcrumb"},"inLanguage":"en-GB","potentialAction":[{"@type":"ReadAction","target":["https:\/\/beautybywilleke.es\/en\/contactar\/"]}]},{"@type":"ImageObject","inLanguage":"en-GB","@id":"https:\/\/beautybywilleke.es\/en\/contactar\/#primaryimage","url":"https:\/\/beautybywilleke.es\/wp-content\/uploads\/2025\/05\/contact-image-compressed.jpg","contentUrl":"https:\/\/beautybywilleke.es\/wp-content\/uploads\/2025\/05\/contact-image-compressed.jpg"},{"@type":"BreadcrumbList","@id":"https:\/\/beautybywilleke.es\/en\/contactar\/#breadcrumb","itemListElement":[{"@type":"ListItem","position":1,"name":"Portada","item":"https:\/\/beautybywilleke.es\/en\/"},{"@type":"ListItem","position":2,"name":"Contactar"}]},{"@type":"WebSite","@id":"https:\/\/beautybywilleke.es\/en\/#website","url":"https:\/\/beautybywilleke.es\/en\/","name":"Beauty by Willeke","description":"","publisher":{"@id":"https:\/\/beautybywilleke.es\/en\/#organization"},"potentialAction":[{"@type":"SearchAction","target":{"@type":"EntryPoint","urlTemplate":"https:\/\/beautybywilleke.es\/en\/?s={search_term_string}"},"query-input":{"@type":"PropertyValueSpecification","valueRequired":true,"valueName":"search_term_string"}}],"inLanguage":"en-GB"},{"@type":"Organization","@id":"https:\/\/beautybywilleke.es\/en\/#organization","name":"Beauty by Willeke","url":"https:\/\/beautybywilleke.es\/en\/","logo":{"@type":"ImageObject","inLanguage":"en-GB","@id":"https:\/\/beautybywilleke.es\/en\/#\/schema\/logo\/image\/","url":"https:\/\/beautybywilleke.es\/wp-content\/uploads\/2025\/05\/beautybywilleke.png","contentUrl":"https:\/\/beautybywilleke.es\/wp-content\/uploads\/2025\/05\/beautybywilleke.png","width":250,"height":250,"caption":"Beauty by Willeke"},"image":{"@id":"https:\/\/beautybywilleke.es\/en\/#\/schema\/logo\/image\/"}}]}},"_links":{"self":[{"href":"https:\/\/beautybywilleke.es\/en\/wp-json\/wp\/v2\/pages\/110","targetHints":{"allow":["GET"]}}],"collection":[{"href":"https:\/\/beautybywilleke.es\/en\/wp-json\/wp\/v2\/pages"}],"about":[{"href":"https:\/\/beautybywilleke.es\/en\/wp-json\/wp\/v2\/types\/page"}],"author":[{"embeddable":true,"href":"https:\/\/beautybywilleke.es\/en\/wp-json\/wp\/v2\/users\/1"}],"replies":[{"embeddable":true,"href":"https:\/\/beautybywilleke.es\/en\/wp-json\/wp\/v2\/comments?post=110"}],"version-history":[{"count":64,"href":"https:\/\/beautybywilleke.es\/en\/wp-json\/wp\/v2\/pages\/110\/revisions"}],"predecessor-version":[{"id":606,"href":"https:\/\/beautybywilleke.es\/en\/wp-json\/wp\/v2\/pages\/110\/revisions\/606"}],"wp:attachment":[{"href":"https:\/\/beautybywilleke.es\/en\/wp-json\/wp\/v2\/media?parent=110"}],"curies":[{"name":"wp","href":"https:\/\/api.w.org\/{rel}","templated":true}]}}