{"id":194,"date":"2025-05-26T08:47:26","date_gmt":"2025-05-26T08:47:26","guid":{"rendered":"https:\/\/beautybywilleke.es\/?page_id=194"},"modified":"2025-09-01T11:45:54","modified_gmt":"2025-09-01T11:45:54","slug":"aviso-legal","status":"publish","type":"page","link":"https:\/\/beautybywilleke.es\/en\/aviso-legal\/","title":{"rendered":"Legal Notice"},"content":{"rendered":"<h3 class=\"wp-block-heading\">1. DATOS IDENTIFICATIVOS<\/h3>\n\n\n\n<p>En cumplimiento con el deber de informaci\u00f3n recogido en el art\u00edculo 10 de la Ley 34\/2002, de 11 de julio, de Servicios de la Sociedad de la Informaci\u00f3n y del Comercio Electr\u00f3nico, a continuaci\u00f3n se reflejan los datos del titular del sitio web:<\/p>\n\n\n\n<ul class=\"wp-block-list\">\n<li><strong>Nombre de dominio:<\/strong> <a class=\"\" href=\"https:\/\/beautybywilleke.es\/en\/\">www.beautybywilleke.es<\/a><\/li>\n\n\n\n<li><strong>Nombre comercial:<\/strong> Beauty by Willeke<\/li>\n\n\n\n<li><strong>Denominaci\u00f3n social:<\/strong> BEAUTY BY WILLEKE S.L.<\/li>\n\n\n\n<li><strong>NIF:<\/strong> B56952146<\/li>\n\n\n\n<li><strong>Domicilio fiscal:<\/strong> C\/ Mar Rabiosa n\u00ba21 A San Juan de los Terreros Pulp\u00ed<\/li>\n\n\n\n<li><strong>Email:<\/strong> <a>info@salonwilleke.nl<\/a><\/li>\n\n\n\n<li><strong>Tel\u00e9fonos de contacto:<\/strong><br>+31 646 266 977<br>+34 613 539 356<\/li>\n<\/ul>\n\n\n\n<h3 class=\"wp-block-heading\">2. USUARIOS<\/h3>\n\n\n\n<p>El acceso y\/o uso de este portal atribuye la condici\u00f3n de usuario, que acepta, desde dicho acceso y\/o uso, las condiciones aqu\u00ed reflejadas. Estas condiciones ser\u00e1n de aplicaci\u00f3n independientemente de las condiciones generales de contrataci\u00f3n que, en su caso, resulten de obligado cumplimiento.<\/p>\n\n\n\n<h3 class=\"wp-block-heading\">3. USO DEL PORTAL<\/h3>\n\n\n\n<p><a class=\"\" href=\"https:\/\/beautybywilleke.es\/en\/\">www.beautybywilleke.es<\/a> proporciona el acceso a informaciones, servicios y datos (en adelante, \u201clos contenidos\u201d) pertenecientes a BEAUTY BY WILLEKE, S.L., que el usuario puede consultar. El usuario asume la responsabilidad del uso del portal.<\/p>\n\n\n\n<h3 class=\"wp-block-heading\">4. PROPIEDAD INTELECTUAL E INDUSTRIAL<\/h3>\n\n\n\n<p>BEAUTY BY WILLEKE, S.L. es titular de todos los derechos de propiedad intelectual e industrial del sitio web, as\u00ed como de los elementos contenidos en el mismo (a t\u00edtulo enunciativo: im\u00e1genes, sonido, audio, v\u00eddeo, software o textos; marcas o logotipos, combinaciones de colores, estructura y dise\u00f1o, etc.).<\/p>\n\n\n\n<p>Quedan expresamente prohibidas la reproducci\u00f3n, la distribuci\u00f3n y la comunicaci\u00f3n p\u00fablica, incluida su modalidad de puesta a disposici\u00f3n, de la totalidad o parte de los contenidos sin la autorizaci\u00f3n de BEAUTY BY WILLEKE, S.L.<\/p>\n\n\n\n<h3 class=\"wp-block-heading\">5. EXENCI\u00d3N DE RESPONSABILIDAD<\/h3>\n\n\n\n<p>BEAUTY BY WILLEKE, S.L. no se hace responsable de los da\u00f1os y perjuicios de cualquier naturaleza que pudieran ocasionar, a t\u00edtulo enunciativo: errores u omisiones en los contenidos, falta de disponibilidad del portal o la transmisi\u00f3n de virus o programas maliciosos.<\/p>\n\n\n\n<h3 class=\"wp-block-heading\">6. MODIFICACIONES<\/h3>\n\n\n\n<p>BEAUTY BY WILLEKE, S.L. se reserva el derecho de efectuar sin previo aviso las modificaciones que considere oportunas en su sitio web, pudiendo cambiar, suprimir o a\u00f1adir contenidos y servicios.<\/p>\n\n\n\n<h3 class=\"wp-block-heading\">7. ENLACES<\/h3>\n\n\n\n<p>En el caso de que en <a class=\"\" href=\"https:\/\/beautybywilleke.es\/en\/\">www.beautybywilleke.es<\/a> se dispusiesen enlaces o hiperv\u00ednculos hacia otros sitios de Internet, BEAUTY BY WILLEKE, S.L. no ejercer\u00e1 ning\u00fan tipo de control sobre dichos sitios y contenidos. En ning\u00fan caso asumir\u00e1 responsabilidad alguna por los contenidos de enlaces externos.<\/p>\n\n\n\n<h3 class=\"wp-block-heading\">8. DERECHO DE EXCLUSI\u00d3N<\/h3>\n\n\n\n<p>BEAUTY BY WILLEKE, S.L. se reserva el derecho a denegar o retirar el acceso al portal y\/o los servicios ofrecidos sin necesidad de preaviso a instancia propia o de un tercero, a aquellos usuarios que incumplan las presentes condiciones.<\/p>\n\n\n\n<h3 class=\"wp-block-heading\">9. GENERALIDADES<\/h3>\n\n\n\n<p>BEAUTY BY WILLEKE, S.L. perseguir\u00e1 el incumplimiento de las presentes condiciones as\u00ed como cualquier utilizaci\u00f3n indebida de su sitio web ejerciendo todas las acciones civiles y penales que le puedan corresponder en derecho.<\/p>\n\n\n\n<h3 class=\"wp-block-heading\">10. LEGISLACI\u00d3N APLICABLE Y JURISDICCI\u00d3N<\/h3>\n\n\n\n<p>La relaci\u00f3n entre BEAUTY BY WILLEKE, S.L. y el usuario se regir\u00e1 por la normativa espa\u00f1ola vigente. Las partes se someten expresamente a los <strong>Juzgados y Tribunales de Pulp\u00ed (Almer\u00eda)<\/strong> para la resoluci\u00f3n de cualquier conflicto.<\/p>","protected":false},"excerpt":{"rendered":"<p>1. DATOS IDENTIFICATIVOS En cumplimiento con el deber de informaci\u00f3n recogido en el art\u00edculo 10 de la Ley 34\/2002, de 11 de julio, de Servicios de la Sociedad de la Informaci\u00f3n y del Comercio Electr\u00f3nico, a continuaci\u00f3n se reflejan los datos del titular del sitio web: 2. USUARIOS El acceso y\/o uso de este portal [&hellip;]<\/p>","protected":false},"author":1,"featured_media":0,"parent":0,"menu_order":0,"comment_status":"closed","ping_status":"closed","template":"","meta":{"footnotes":""},"class_list":["post-194","page","type-page","status-publish","hentry"],"yoast_head":"<!-- This site is optimized with the Yoast SEO plugin v25.8 - https:\/\/yoast.com\/wordpress\/plugins\/seo\/ -->\n<title>Aviso Legal - Beauty by Willeke<\/title>\n<meta name=\"robots\" content=\"index, follow, max-snippet:-1, max-image-preview:large, max-video-preview:-1\" \/>\n<link rel=\"canonical\" href=\"https:\/\/beautybywilleke.es\/en\/aviso-legal\/\" \/>\n<meta property=\"og:locale\" content=\"en_GB\" \/>\n<meta property=\"og:type\" content=\"article\" \/>\n<meta property=\"og:title\" content=\"Aviso Legal - Beauty by Willeke\" \/>\n<meta property=\"og:description\" content=\"1. DATOS IDENTIFICATIVOS En cumplimiento con el deber de informaci\u00f3n recogido en el art\u00edculo 10 de la Ley 34\/2002, de 11 de julio, de Servicios de la Sociedad de la Informaci\u00f3n y del Comercio Electr\u00f3nico, a continuaci\u00f3n se reflejan los datos del titular del sitio web: 2. USUARIOS El acceso y\/o uso de este portal [&hellip;]\" \/>\n<meta property=\"og:url\" content=\"https:\/\/beautybywilleke.es\/en\/aviso-legal\/\" \/>\n<meta property=\"og:site_name\" content=\"Beauty by Willeke\" \/>\n<meta property=\"article:modified_time\" content=\"2025-09-01T11:45:54+00:00\" \/>\n<meta name=\"twitter:card\" content=\"summary_large_image\" \/>\n<meta name=\"twitter:label1\" content=\"Estimated reading time\" \/>\n\t<meta name=\"twitter:data1\" content=\"3 minutes\" \/>\n<script type=\"application\/ld+json\" class=\"yoast-schema-graph\">{\"@context\":\"https:\/\/schema.org\",\"@graph\":[{\"@type\":\"WebPage\",\"@id\":\"https:\/\/beautybywilleke.es\/en\/aviso-legal\/\",\"url\":\"https:\/\/beautybywilleke.es\/en\/aviso-legal\/\",\"name\":\"Aviso Legal - Beauty by Willeke\",\"isPartOf\":{\"@id\":\"https:\/\/beautybywilleke.es\/en\/#website\"},\"datePublished\":\"2025-05-26T08:47:26+00:00\",\"dateModified\":\"2025-09-01T11:45:54+00:00\",\"breadcrumb\":{\"@id\":\"https:\/\/beautybywilleke.es\/en\/aviso-legal\/#breadcrumb\"},\"inLanguage\":\"en-GB\",\"potentialAction\":[{\"@type\":\"ReadAction\",\"target\":[\"https:\/\/beautybywilleke.es\/en\/aviso-legal\/\"]}]},{\"@type\":\"BreadcrumbList\",\"@id\":\"https:\/\/beautybywilleke.es\/en\/aviso-legal\/#breadcrumb\",\"itemListElement\":[{\"@type\":\"ListItem\",\"position\":1,\"name\":\"Portada\",\"item\":\"https:\/\/beautybywilleke.es\/en\/\"},{\"@type\":\"ListItem\",\"position\":2,\"name\":\"Aviso Legal\"}]},{\"@type\":\"WebSite\",\"@id\":\"https:\/\/beautybywilleke.es\/en\/#website\",\"url\":\"https:\/\/beautybywilleke.es\/en\/\",\"name\":\"Beauty by Willeke\",\"description\":\"\",\"publisher\":{\"@id\":\"https:\/\/beautybywilleke.es\/en\/#organization\"},\"potentialAction\":[{\"@type\":\"SearchAction\",\"target\":{\"@type\":\"EntryPoint\",\"urlTemplate\":\"https:\/\/beautybywilleke.es\/en\/?s={search_term_string}\"},\"query-input\":{\"@type\":\"PropertyValueSpecification\",\"valueRequired\":true,\"valueName\":\"search_term_string\"}}],\"inLanguage\":\"en-GB\"},{\"@type\":\"Organization\",\"@id\":\"https:\/\/beautybywilleke.es\/en\/#organization\",\"name\":\"Beauty by Willeke\",\"url\":\"https:\/\/beautybywilleke.es\/en\/\",\"logo\":{\"@type\":\"ImageObject\",\"inLanguage\":\"en-GB\",\"@id\":\"https:\/\/beautybywilleke.es\/en\/#\/schema\/logo\/image\/\",\"url\":\"https:\/\/beautybywilleke.es\/wp-content\/uploads\/2025\/05\/beautybywilleke.png\",\"contentUrl\":\"https:\/\/beautybywilleke.es\/wp-content\/uploads\/2025\/05\/beautybywilleke.png\",\"width\":250,\"height\":250,\"caption\":\"Beauty by Willeke\"},\"image\":{\"@id\":\"https:\/\/beautybywilleke.es\/en\/#\/schema\/logo\/image\/\"}}]}<\/script>\n<!-- \/ Yoast SEO plugin. -->","yoast_head_json":{"title":"Aviso Legal - Beauty by Willeke","robots":{"index":"index","follow":"follow","max-snippet":"max-snippet:-1","max-image-preview":"max-image-preview:large","max-video-preview":"max-video-preview:-1"},"canonical":"https:\/\/beautybywilleke.es\/en\/aviso-legal\/","og_locale":"en_GB","og_type":"article","og_title":"Aviso Legal - Beauty by Willeke","og_description":"1. DATOS IDENTIFICATIVOS En cumplimiento con el deber de informaci\u00f3n recogido en el art\u00edculo 10 de la Ley 34\/2002, de 11 de julio, de Servicios de la Sociedad de la Informaci\u00f3n y del Comercio Electr\u00f3nico, a continuaci\u00f3n se reflejan los datos del titular del sitio web: 2. USUARIOS El acceso y\/o uso de este portal [&hellip;]","og_url":"https:\/\/beautybywilleke.es\/en\/aviso-legal\/","og_site_name":"Beauty by Willeke","article_modified_time":"2025-09-01T11:45:54+00:00","twitter_card":"summary_large_image","twitter_misc":{"Estimated reading time":"3 minutes"},"schema":{"@context":"https:\/\/schema.org","@graph":[{"@type":"WebPage","@id":"https:\/\/beautybywilleke.es\/en\/aviso-legal\/","url":"https:\/\/beautybywilleke.es\/en\/aviso-legal\/","name":"Aviso Legal - Beauty by Willeke","isPartOf":{"@id":"https:\/\/beautybywilleke.es\/en\/#website"},"datePublished":"2025-05-26T08:47:26+00:00","dateModified":"2025-09-01T11:45:54+00:00","breadcrumb":{"@id":"https:\/\/beautybywilleke.es\/en\/aviso-legal\/#breadcrumb"},"inLanguage":"en-GB","potentialAction":[{"@type":"ReadAction","target":["https:\/\/beautybywilleke.es\/en\/aviso-legal\/"]}]},{"@type":"BreadcrumbList","@id":"https:\/\/beautybywilleke.es\/en\/aviso-legal\/#breadcrumb","itemListElement":[{"@type":"ListItem","position":1,"name":"Portada","item":"https:\/\/beautybywilleke.es\/en\/"},{"@type":"ListItem","position":2,"name":"Aviso Legal"}]},{"@type":"WebSite","@id":"https:\/\/beautybywilleke.es\/en\/#website","url":"https:\/\/beautybywilleke.es\/en\/","name":"Beauty by Willeke","description":"","publisher":{"@id":"https:\/\/beautybywilleke.es\/en\/#organization"},"potentialAction":[{"@type":"SearchAction","target":{"@type":"EntryPoint","urlTemplate":"https:\/\/beautybywilleke.es\/en\/?s={search_term_string}"},"query-input":{"@type":"PropertyValueSpecification","valueRequired":true,"valueName":"search_term_string"}}],"inLanguage":"en-GB"},{"@type":"Organization","@id":"https:\/\/beautybywilleke.es\/en\/#organization","name":"Beauty by Willeke","url":"https:\/\/beautybywilleke.es\/en\/","logo":{"@type":"ImageObject","inLanguage":"en-GB","@id":"https:\/\/beautybywilleke.es\/en\/#\/schema\/logo\/image\/","url":"https:\/\/beautybywilleke.es\/wp-content\/uploads\/2025\/05\/beautybywilleke.png","contentUrl":"https:\/\/beautybywilleke.es\/wp-content\/uploads\/2025\/05\/beautybywilleke.png","width":250,"height":250,"caption":"Beauty by Willeke"},"image":{"@id":"https:\/\/beautybywilleke.es\/en\/#\/schema\/logo\/image\/"}}]}},"_links":{"self":[{"href":"https:\/\/beautybywilleke.es\/en\/wp-json\/wp\/v2\/pages\/194","targetHints":{"allow":["GET"]}}],"collection":[{"href":"https:\/\/beautybywilleke.es\/en\/wp-json\/wp\/v2\/pages"}],"about":[{"href":"https:\/\/beautybywilleke.es\/en\/wp-json\/wp\/v2\/types\/page"}],"author":[{"embeddable":true,"href":"https:\/\/beautybywilleke.es\/en\/wp-json\/wp\/v2\/users\/1"}],"replies":[{"embeddable":true,"href":"https:\/\/beautybywilleke.es\/en\/wp-json\/wp\/v2\/comments?post=194"}],"version-history":[{"count":4,"href":"https:\/\/beautybywilleke.es\/en\/wp-json\/wp\/v2\/pages\/194\/revisions"}],"predecessor-version":[{"id":528,"href":"https:\/\/beautybywilleke.es\/en\/wp-json\/wp\/v2\/pages\/194\/revisions\/528"}],"wp:attachment":[{"href":"https:\/\/beautybywilleke.es\/en\/wp-json\/wp\/v2\/media?parent=194"}],"curies":[{"name":"wp","href":"https:\/\/api.w.org\/{rel}","templated":true}]}}