{"id":192,"date":"2025-05-26T08:46:38","date_gmt":"2025-05-26T08:46:38","guid":{"rendered":"https:\/\/beautybywilleke.es\/?page_id=192"},"modified":"2025-05-26T08:46:38","modified_gmt":"2025-05-26T08:46:38","slug":"accesibilidad","status":"publish","type":"page","link":"https:\/\/beautybywilleke.es\/nl\/accesibilidad\/","title":{"rendered":"Toegankelijkheid"},"content":{"rendered":"<h2 class=\"wp-block-heading\">Declaraci\u00f3n de accesibilidad<\/h2>\n\n\n\n<p><strong>Beauty by Willeke, S.L.<\/strong> se compromete a hacer accesible su sitio web <a class=\"\" href=\"https:\/\/beautybywilleke.es\/nl\/\">www.beautybywilleke.es<\/a>, de conformidad con el <strong>Real Decreto 1112\/2018<\/strong>, de 7 de septiembre, sobre accesibilidad de los sitios web y aplicaciones para dispositivos m\u00f3viles del sector p\u00fablico.<\/p>\n\n\n\n<h3 class=\"wp-block-heading\">Situaci\u00f3n de cumplimiento<\/h3>\n\n\n\n<p>Este sitio web es <strong>parcialmente conforme<\/strong> con el RD 1112\/2018 debido a la falta de conformidad de los aspectos que se indican a continuaci\u00f3n.<\/p>\n\n\n\n<h3 class=\"wp-block-heading\">Contenido no accesible<\/h3>\n\n\n\n<p>El contenido que se recoge a continuaci\u00f3n no es accesible por lo siguiente:<\/p>\n\n\n\n<ul class=\"wp-block-list\">\n<li>Algunas im\u00e1genes pueden no disponer de texto alternativo adecuado.<\/li>\n\n\n\n<li>Determinados formularios pueden carecer de etiquetas correctamente asociadas.<\/li>\n\n\n\n<li>Algunos elementos interactivos no son completamente navegables mediante teclado.<\/li>\n\n\n\n<li>Pueden existir errores de estructura sem\u00e1ntica en t\u00edtulos, listas o tablas.<\/li>\n\n\n\n<li>El contraste de color en algunos elementos podr\u00eda no ser suficiente.<\/li>\n<\/ul>\n\n\n\n<h3 class=\"wp-block-heading\">Preparaci\u00f3n de esta declaraci\u00f3n de accesibilidad<\/h3>\n\n\n\n<ul class=\"wp-block-list\">\n<li>Esta declaraci\u00f3n fue preparada el <strong>26 de mayo de 2025<\/strong>.<\/li>\n\n\n\n<li>El m\u00e9todo empleado para preparar esta declaraci\u00f3n ha sido una <strong>autoevaluaci\u00f3n interna<\/strong>.<\/li>\n<\/ul>\n\n\n\n<h3 class=\"wp-block-heading\">Observaciones y datos de contacto<\/h3>\n\n\n\n<p>Si encuentras problemas de accesibilidad o quieres hacernos llegar cualquier sugerencia de mejora, puedes comunicarlo a trav\u00e9s de:<\/p>\n\n\n\n<ul class=\"wp-block-list\">\n<li>Email: <a>info@salonwilleke.nl<\/a><\/li>\n\n\n\n<li>Direcci\u00f3n fiscal: Calle Jaravia s\/n, 04648 Pulp\u00ed (Almer\u00eda), Espa\u00f1a<\/li>\n\n\n\n<li>Tambi\u00e9n puedes usar las opciones recogidas en la <strong>Ley 39\/2015<\/strong>, del Procedimiento Administrativo Com\u00fan de las Administraciones P\u00fablicas.<\/li>\n<\/ul>\n\n\n\n<h3 class=\"wp-block-heading\">Procedimiento de aplicaci\u00f3n<\/h3>\n\n\n\n<p>En caso de que una solicitud de informaci\u00f3n accesible o queja sea desestimada, no se responda en plazo o no est\u00e9s conforme con la respuesta, puedes presentar una reclamaci\u00f3n seg\u00fan lo previsto en el art\u00edculo 13 del RD 1112\/2018.<\/p>","protected":false},"excerpt":{"rendered":"<p>Declaraci\u00f3n de accesibilidad Beauty by Willeke, S.L. se compromete a hacer accesible su sitio web www.beautybywilleke.es, de conformidad con el Real Decreto 1112\/2018, de 7 de septiembre, sobre accesibilidad de los sitios web y aplicaciones para dispositivos m\u00f3viles del sector p\u00fablico. Situaci\u00f3n de cumplimiento Este sitio web es parcialmente conforme con el RD 1112\/2018 debido [&hellip;]<\/p>","protected":false},"author":1,"featured_media":0,"parent":0,"menu_order":0,"comment_status":"closed","ping_status":"closed","template":"","meta":{"footnotes":""},"class_list":["post-192","page","type-page","status-publish","hentry"],"yoast_head":"<!-- This site is optimized with the Yoast SEO plugin v25.8 - https:\/\/yoast.com\/wordpress\/plugins\/seo\/ -->\n<title>Accesibilidad - Beauty by Willeke<\/title>\n<meta name=\"robots\" content=\"index, follow, max-snippet:-1, max-image-preview:large, max-video-preview:-1\" \/>\n<link rel=\"canonical\" href=\"https:\/\/beautybywilleke.es\/nl\/accesibilidad\/\" \/>\n<meta property=\"og:locale\" content=\"nl_NL\" \/>\n<meta property=\"og:type\" content=\"article\" \/>\n<meta property=\"og:title\" content=\"Accesibilidad - Beauty by Willeke\" \/>\n<meta property=\"og:description\" content=\"Declaraci\u00f3n de accesibilidad Beauty by Willeke, S.L. se compromete a hacer accesible su sitio web www.beautybywilleke.es, de conformidad con el Real Decreto 1112\/2018, de 7 de septiembre, sobre accesibilidad de los sitios web y aplicaciones para dispositivos m\u00f3viles del sector p\u00fablico. Situaci\u00f3n de cumplimiento Este sitio web es parcialmente conforme con el RD 1112\/2018 debido [&hellip;]\" \/>\n<meta property=\"og:url\" content=\"https:\/\/beautybywilleke.es\/nl\/accesibilidad\/\" \/>\n<meta property=\"og:site_name\" content=\"Beauty by Willeke\" \/>\n<meta name=\"twitter:card\" content=\"summary_large_image\" \/>\n<meta name=\"twitter:label1\" content=\"Geschatte leestijd\" \/>\n\t<meta name=\"twitter:data1\" content=\"1 minuut\" \/>\n<script type=\"application\/ld+json\" class=\"yoast-schema-graph\">{\"@context\":\"https:\/\/schema.org\",\"@graph\":[{\"@type\":\"WebPage\",\"@id\":\"https:\/\/beautybywilleke.es\/nl\/accesibilidad\/\",\"url\":\"https:\/\/beautybywilleke.es\/nl\/accesibilidad\/\",\"name\":\"Accesibilidad - Beauty by Willeke\",\"isPartOf\":{\"@id\":\"https:\/\/beautybywilleke.es\/nl\/#website\"},\"datePublished\":\"2025-05-26T08:46:38+00:00\",\"breadcrumb\":{\"@id\":\"https:\/\/beautybywilleke.es\/nl\/accesibilidad\/#breadcrumb\"},\"inLanguage\":\"nl-NL\",\"potentialAction\":[{\"@type\":\"ReadAction\",\"target\":[\"https:\/\/beautybywilleke.es\/nl\/accesibilidad\/\"]}]},{\"@type\":\"BreadcrumbList\",\"@id\":\"https:\/\/beautybywilleke.es\/nl\/accesibilidad\/#breadcrumb\",\"itemListElement\":[{\"@type\":\"ListItem\",\"position\":1,\"name\":\"Portada\",\"item\":\"https:\/\/beautybywilleke.es\/nl\/\"},{\"@type\":\"ListItem\",\"position\":2,\"name\":\"Accesibilidad\"}]},{\"@type\":\"WebSite\",\"@id\":\"https:\/\/beautybywilleke.es\/nl\/#website\",\"url\":\"https:\/\/beautybywilleke.es\/nl\/\",\"name\":\"Beauty by Willeke\",\"description\":\"\",\"publisher\":{\"@id\":\"https:\/\/beautybywilleke.es\/nl\/#organization\"},\"potentialAction\":[{\"@type\":\"SearchAction\",\"target\":{\"@type\":\"EntryPoint\",\"urlTemplate\":\"https:\/\/beautybywilleke.es\/nl\/?s={search_term_string}\"},\"query-input\":{\"@type\":\"PropertyValueSpecification\",\"valueRequired\":true,\"valueName\":\"search_term_string\"}}],\"inLanguage\":\"nl-NL\"},{\"@type\":\"Organization\",\"@id\":\"https:\/\/beautybywilleke.es\/nl\/#organization\",\"name\":\"Beauty by Willeke\",\"url\":\"https:\/\/beautybywilleke.es\/nl\/\",\"logo\":{\"@type\":\"ImageObject\",\"inLanguage\":\"nl-NL\",\"@id\":\"https:\/\/beautybywilleke.es\/nl\/#\/schema\/logo\/image\/\",\"url\":\"https:\/\/beautybywilleke.es\/wp-content\/uploads\/2025\/05\/beautybywilleke.png\",\"contentUrl\":\"https:\/\/beautybywilleke.es\/wp-content\/uploads\/2025\/05\/beautybywilleke.png\",\"width\":250,\"height\":250,\"caption\":\"Beauty by Willeke\"},\"image\":{\"@id\":\"https:\/\/beautybywilleke.es\/nl\/#\/schema\/logo\/image\/\"}}]}<\/script>\n<!-- \/ Yoast SEO plugin. -->","yoast_head_json":{"title":"Accesibilidad - Beauty by Willeke","robots":{"index":"index","follow":"follow","max-snippet":"max-snippet:-1","max-image-preview":"max-image-preview:large","max-video-preview":"max-video-preview:-1"},"canonical":"https:\/\/beautybywilleke.es\/nl\/accesibilidad\/","og_locale":"nl_NL","og_type":"article","og_title":"Accesibilidad - Beauty by Willeke","og_description":"Declaraci\u00f3n de accesibilidad Beauty by Willeke, S.L. se compromete a hacer accesible su sitio web www.beautybywilleke.es, de conformidad con el Real Decreto 1112\/2018, de 7 de septiembre, sobre accesibilidad de los sitios web y aplicaciones para dispositivos m\u00f3viles del sector p\u00fablico. Situaci\u00f3n de cumplimiento Este sitio web es parcialmente conforme con el RD 1112\/2018 debido [&hellip;]","og_url":"https:\/\/beautybywilleke.es\/nl\/accesibilidad\/","og_site_name":"Beauty by Willeke","twitter_card":"summary_large_image","twitter_misc":{"Geschatte leestijd":"1 minuut"},"schema":{"@context":"https:\/\/schema.org","@graph":[{"@type":"WebPage","@id":"https:\/\/beautybywilleke.es\/nl\/accesibilidad\/","url":"https:\/\/beautybywilleke.es\/nl\/accesibilidad\/","name":"Accesibilidad - Beauty by Willeke","isPartOf":{"@id":"https:\/\/beautybywilleke.es\/nl\/#website"},"datePublished":"2025-05-26T08:46:38+00:00","breadcrumb":{"@id":"https:\/\/beautybywilleke.es\/nl\/accesibilidad\/#breadcrumb"},"inLanguage":"nl-NL","potentialAction":[{"@type":"ReadAction","target":["https:\/\/beautybywilleke.es\/nl\/accesibilidad\/"]}]},{"@type":"BreadcrumbList","@id":"https:\/\/beautybywilleke.es\/nl\/accesibilidad\/#breadcrumb","itemListElement":[{"@type":"ListItem","position":1,"name":"Portada","item":"https:\/\/beautybywilleke.es\/nl\/"},{"@type":"ListItem","position":2,"name":"Accesibilidad"}]},{"@type":"WebSite","@id":"https:\/\/beautybywilleke.es\/nl\/#website","url":"https:\/\/beautybywilleke.es\/nl\/","name":"Beauty by Willeke","description":"","publisher":{"@id":"https:\/\/beautybywilleke.es\/nl\/#organization"},"potentialAction":[{"@type":"SearchAction","target":{"@type":"EntryPoint","urlTemplate":"https:\/\/beautybywilleke.es\/nl\/?s={search_term_string}"},"query-input":{"@type":"PropertyValueSpecification","valueRequired":true,"valueName":"search_term_string"}}],"inLanguage":"nl-NL"},{"@type":"Organization","@id":"https:\/\/beautybywilleke.es\/nl\/#organization","name":"Beauty by Willeke","url":"https:\/\/beautybywilleke.es\/nl\/","logo":{"@type":"ImageObject","inLanguage":"nl-NL","@id":"https:\/\/beautybywilleke.es\/nl\/#\/schema\/logo\/image\/","url":"https:\/\/beautybywilleke.es\/wp-content\/uploads\/2025\/05\/beautybywilleke.png","contentUrl":"https:\/\/beautybywilleke.es\/wp-content\/uploads\/2025\/05\/beautybywilleke.png","width":250,"height":250,"caption":"Beauty by Willeke"},"image":{"@id":"https:\/\/beautybywilleke.es\/nl\/#\/schema\/logo\/image\/"}}]}},"_links":{"self":[{"href":"https:\/\/beautybywilleke.es\/nl\/wp-json\/wp\/v2\/pages\/192","targetHints":{"allow":["GET"]}}],"collection":[{"href":"https:\/\/beautybywilleke.es\/nl\/wp-json\/wp\/v2\/pages"}],"about":[{"href":"https:\/\/beautybywilleke.es\/nl\/wp-json\/wp\/v2\/types\/page"}],"author":[{"embeddable":true,"href":"https:\/\/beautybywilleke.es\/nl\/wp-json\/wp\/v2\/users\/1"}],"replies":[{"embeddable":true,"href":"https:\/\/beautybywilleke.es\/nl\/wp-json\/wp\/v2\/comments?post=192"}],"version-history":[{"count":1,"href":"https:\/\/beautybywilleke.es\/nl\/wp-json\/wp\/v2\/pages\/192\/revisions"}],"predecessor-version":[{"id":193,"href":"https:\/\/beautybywilleke.es\/nl\/wp-json\/wp\/v2\/pages\/192\/revisions\/193"}],"wp:attachment":[{"href":"https:\/\/beautybywilleke.es\/nl\/wp-json\/wp\/v2\/media?parent=192"}],"curies":[{"name":"wp","href":"https:\/\/api.w.org\/{rel}","templated":true}]}}